{"id":5085,"date":"2017-12-23T09:56:57","date_gmt":"2017-12-23T09:56:57","guid":{"rendered":"https:\/\/www.amag-group.ch\/blog\/?page_id=5085"},"modified":"2017-12-23T09:56:57","modified_gmt":"2017-12-23T09:56:57","slug":"allgemeine-geschaftsbedingungen","status":"publish","type":"page","link":"https:\/\/www.amag-group.ch\/blog\/it\/allgemeine-geschaftsbedingungen\/","title":{"rendered":"Allgemeine Gesch\u00e4ftsbedingungen"},"content":{"rendered":"<h4>Vielen Dank f\u00fcr Ihren Besuch auf der AMAG Website und Ihr Interesse an unseren Produkten.<\/h4>\n<p><b>\u00a0<\/b><\/p>\n<p><b>Pers\u00f6nliche Daten<br \/>\n<\/b>Sie werden eventuell um die Angabe pers\u00f6nlicher Informationen gebeten. Die Beantwortung dieser Fragen ist freiwillig. S\u00e4mtliche auf den Websites erhobenen pers\u00f6nlichen Daten werden ausschliesslich zu Ihrer individuellen Betreuung, der \u00dcbersendung von Produktinformationen oder der Unterbreitung von Serviceangeboten gespeichert und verarbeitet.<\/p>\n<p><b>Inhalt<br \/>\n<\/b>Diese Website enth\u00e4lt Informationen \u00fcber Fahrzeuge der Marken Volkswagen, Audi, SEAT, \u0160KODA und Volkswagen Nutzfahrzeuge, sowie \u00fcber Dienstleistungen der AMAG Group AG und deren Partner-Netz in der gesamten Schweiz und im F\u00fcrstentum Liechtenstein.<\/p>\n<p><b>\u00c4nderungen von Informationen und Preisen<br \/>\n<\/b>Alle Informationen und Preise k\u00f6nnen jederzeit ohne Vorank\u00fcndigung ge\u00e4ndert werden und sind ohne Gew\u00e4hr. Es gelten ausschliesslich die Preise der aktuellen Preislisten.<\/p>\n<p><b>Kein Angebot<br \/>\n<\/b>Die in den AMAG, Volkswagen, Audi, SEAT, \u0160KODA und Volkswagen Nutzfahrzeuge Websites enthaltenen Informationen stellen kein Verkaufsangebot der AMAG Group AG dar.<\/p>\n<p><b>Garantie<br \/>\n<\/b>Wir gew\u00e4hren Ihnen auf unsere Produkte bei Neuwagen eine Zweijahres-Garantie und bei Occasionen eine Einjahres-Garantie, falls nichts anderes vereinbart. Die Garantiefrist beginnt mit der \u00dcbergabe an Sie. Bewahren Sie deshalb die Rechnung auf. Allf\u00e4llige M\u00e4ngel sind sofort nach Registrierung anzuzeigen, am Besten per \u00abEinschreiben\u00bb. Unsere Garantieleistung besteht nach unserer Wahl in Reparatur oder Ersatz des mangelhaften Produktes und entf\u00e4llt, wenn die Artikel unsachgem\u00e4ss beansprucht, behandelt, ge\u00f6ffnet, eingebaut oder gewartet werden. Die Haftung f\u00fcr Mangelfolgesch\u00e4den wird im Rahmen des gesetzlich Zul\u00e4ssigen wegbedungen.<\/p>\n<p><b>Links<br \/>\n<\/b>Die AMAG Group AG \u00fcbernimmt keine Verantwortung f\u00fcr den Inhalt von Websites, zu welchen ein Link besteht.<\/p>\n<p><b>Irrt\u00fcmer<br \/>\n<\/b>Wir sind bem\u00fcht, unsere Webseite m\u00f6glichst genau und aktuell zu halten. Trotz Anwendung gr\u00f6sster Sorgfalt k\u00f6nnen falsche Angaben oder Irrt\u00fcmer nicht ausgeschlossen werden.<\/p>\n<p><b>Copyright<br \/>\n<\/b>Der Inhalt der AMAG, Volkswagen, Audi, SEAT, \u0160KODA und Volkswagen Nutzfahrzeuge Websites ist ausschliessliches Eigentum der AMAG\u00a0Group AG. Informationen\/Bilder von den Websites d\u00fcrfen nur nach vorangehender schriftlicher Einwilligung der AMAG Group AG verwendet, kopiert und\/oder an Dritte weitergegeben werden.<\/p>\n<p><b>Anwendbares Recht\/Gerichtsstand<br \/>\n<\/b>Die Rechtsbeziehungen zwischen der AMAG Group AG und den Ben\u00fctzern der AMAG, Volkswagen, Audi, SEAT, \u0160KODA und Volkswagen Nutzfahrzeuge Websites unterstehen ausschliesslich Schweizer Recht. Gerichtsstand ist Z\u00fcrich, ausgenommen in denjenigen F\u00e4llen, wo das Gerichtsstandsgesetz zwingend einen anderen Gerichtsstand vorschreibt.<\/p>\n<p>\u00a92017 AMAG Group AG, Allgemeine Gesch\u00e4ftsbedingungen<\/p>\n","protected":false},"excerpt":{"rendered":"<p>Vielen Dank f\u00fcr Ihren Besuch auf der AMAG Website und Ihr Interesse an unseren Produkten. \u00a0 Pers\u00f6nliche Daten Sie werden eventuell um die Angabe pers\u00f6nlicher Informationen gebeten. Die Beantwortung dieser Fragen ist freiwillig. S\u00e4mtliche auf den Websites erhobenen pers\u00f6nlichen Daten werden ausschliesslich zu Ihrer individuellen Betreuung, der \u00dcbersendung von Produktinformationen oder der Unterbreitung von Serviceangeboten [&hellip;]<\/p>\n","protected":false},"author":27,"featured_media":0,"parent":0,"menu_order":0,"comment_status":"closed","ping_status":"open","template":"","meta":{"_acf_changed":false,"inline_featured_image":false,"footnotes":""},"class_list":["post-5085","page","type-page","status-publish","hentry"],"acf":[],"_links":{"self":[{"href":"https:\/\/www.amag-group.ch\/blog\/it\/wp-json\/wp\/v2\/pages\/5085","targetHints":{"allow":["GET"]}}],"collection":[{"href":"https:\/\/www.amag-group.ch\/blog\/it\/wp-json\/wp\/v2\/pages"}],"about":[{"href":"https:\/\/www.amag-group.ch\/blog\/it\/wp-json\/wp\/v2\/types\/page"}],"author":[{"embeddable":true,"href":"https:\/\/www.amag-group.ch\/blog\/it\/wp-json\/wp\/v2\/users\/27"}],"replies":[{"embeddable":true,"href":"https:\/\/www.amag-group.ch\/blog\/it\/wp-json\/wp\/v2\/comments?post=5085"}],"version-history":[{"count":0,"href":"https:\/\/www.amag-group.ch\/blog\/it\/wp-json\/wp\/v2\/pages\/5085\/revisions"}],"wp:attachment":[{"href":"https:\/\/www.amag-group.ch\/blog\/it\/wp-json\/wp\/v2\/media?parent=5085"}],"curies":[{"name":"wp","href":"https:\/\/api.w.org\/{rel}","templated":true}]}}